{"id":96,"date":"2024-12-17T04:18:53","date_gmt":"2024-12-17T04:18:53","guid":{"rendered":"https:\/\/steveprudhomme.org\/?page_id=96"},"modified":"2024-12-17T04:22:42","modified_gmt":"2024-12-17T04:22:42","slug":"bienvenue-sur-mon-site-personnel","status":"publish","type":"page","link":"https:\/\/steveprudhomme.org\/","title":{"rendered":"Bienvenue sur mon site personnel !"},"content":{"rendered":"\n<div class=\"wp-block-group alignfull is-style-section-1 has-contrast-background-color has-background has-global-padding is-layout-constrained wp-container-core-group-is-layout-cdf985e3 wp-block-group-is-layout-constrained is-style-section-1--1\" style=\"min-height:100vh;margin-top:0;margin-bottom:0;padding-top:var(--wp--preset--spacing--80);padding-right:var(--wp--preset--spacing--80);padding-bottom:var(--wp--preset--spacing--80);padding-left:var(--wp--preset--spacing--80)\">\n<div class=\"wp-block-columns alignwide are-vertically-aligned-center is-layout-flex wp-container-core-columns-is-layout-643ced6b wp-block-columns-is-layout-flex\">\n<div class=\"wp-block-column is-vertically-aligned-center is-layout-flow wp-block-column-is-layout-flow\">\n<figure class=\"wp-block-image aligncenter size-full has-custom-border\"><img loading=\"lazy\" decoding=\"async\" width=\"1218\" height=\"1218\" src=\"https:\/\/steveprudhomme.org\/wp-content\/uploads\/2024\/12\/426565040_122098942574218467_4574007090643708099_n.jpg\" alt=\"\" class=\"wp-image-90\" style=\"border-top-left-radius:150px;border-bottom-right-radius:150px;object-fit:cover\" srcset=\"https:\/\/steveprudhomme.org\/wp-content\/uploads\/2024\/12\/426565040_122098942574218467_4574007090643708099_n.jpg 1218w, https:\/\/steveprudhomme.org\/wp-content\/uploads\/2024\/12\/426565040_122098942574218467_4574007090643708099_n-300x300.jpg 300w, https:\/\/steveprudhomme.org\/wp-content\/uploads\/2024\/12\/426565040_122098942574218467_4574007090643708099_n-1024x1024.jpg 1024w, https:\/\/steveprudhomme.org\/wp-content\/uploads\/2024\/12\/426565040_122098942574218467_4574007090643708099_n-150x150.jpg 150w, https:\/\/steveprudhomme.org\/wp-content\/uploads\/2024\/12\/426565040_122098942574218467_4574007090643708099_n-768x768.jpg 768w\" sizes=\"auto, (max-width: 1218px) 100vw, 1218px\" \/><\/figure>\n<\/div>\n\n\n\n<div class=\"wp-block-column is-vertically-aligned-center is-layout-flow wp-block-column-is-layout-flow\">\n<div class=\"wp-block-group is-vertical is-content-justification-stretch is-layout-flex wp-container-core-group-is-layout-353c4f5a wp-block-group-is-layout-flex\">\n<h2 class=\"wp-block-heading has-text-align-left\"><strong><mark style=\"background-color:rgba(0, 0, 0, 0)\" class=\"has-inline-color has-base-color\">\ud83c\udf1f Je suis Steve Prud\u2019Homme !<\/mark><\/strong><\/h2>\n\n\n\n<p class=\"has-base-background-color has-background\">Un passionn\u00e9 de l\u2019\u00e9ducation, de l\u2019aviation et de l\u2019engagement communautaire. Avec une carri\u00e8re riche en tant que vice-pr\u00e9sident syndical \u00e9lu, concepteur p\u00e9dagogique chez Hydro-Qu\u00e9bec, et instructeur en pilotage, j\u2019ai d\u00e9di\u00e9 ma vie \u00e0 la d\u00e9fense des droits des travailleurs, \u00e0 l\u2019am\u00e9lioration des pratiques \u00e9ducatives et \u00e0 l\u2019inspiration des jeunes. \u2708\ufe0f Mon parcours est marqu\u00e9 par des contributions significatives aux Cadets de l\u2019Aviation Royale du Canada, \u00e0 l\u2019enseignement de l\u2019escrime, \u00e0 l\u2019astronomie et \u00e0 la fus\u00e9ologie. \ud83c\udf0c Actif au sein du Parti Qu\u00e9b\u00e9cois et impliqu\u00e9 dans divers conseils d\u2019\u00e9tablissement et comit\u00e9s de parents, je m\u2019efforce de faire une diff\u00e9rence positive dans ma communaut\u00e9. Explorez mon site pour d\u00e9couvrir mes projets, mes passions et mon engagement \u00e0 partager connaissances et exp\u00e9riences. \ud83d\ude80<\/p>\n\n\n\n<ul class=\"wp-block-social-links has-icon-color is-style-logos-only is-layout-flex wp-block-social-links-is-layout-flex\"><li style=\"color:currentColor;\" class=\"wp-social-link wp-social-link-x has-currentColor-color wp-block-social-link\"><a href=\"https:\/\/x.com\/_steveprudhomme\" class=\"wp-block-social-link-anchor\"><svg width=\"24\" height=\"24\" viewBox=\"0 0 24 24\" version=\"1.1\" xmlns=\"http:\/\/www.w3.org\/2000\/svg\" aria-hidden=\"true\" focusable=\"false\"><path d=\"M13.982 10.622 20.54 3h-1.554l-5.693 6.618L8.745 3H3.5l6.876 10.007L3.5 21h1.554l6.012-6.989L15.868 21h5.245l-7.131-10.378Zm-2.128 2.474-.697-.997-5.543-7.93H8l4.474 6.4.697.996 5.815 8.318h-2.387l-4.745-6.787Z\" \/><\/svg><span class=\"wp-block-social-link-label screen-reader-text\">X<\/span><\/a><\/li>\n\n<li style=\"color:currentColor;\" class=\"wp-social-link wp-social-link-instagram has-currentColor-color wp-block-social-link\"><a href=\"https:\/\/www.instagram.com\/steveprudhomme1\/\" class=\"wp-block-social-link-anchor\"><svg width=\"24\" height=\"24\" viewBox=\"0 0 24 24\" version=\"1.1\" xmlns=\"http:\/\/www.w3.org\/2000\/svg\" aria-hidden=\"true\" focusable=\"false\"><path d=\"M12,4.622c2.403,0,2.688,0.009,3.637,0.052c0.877,0.04,1.354,0.187,1.671,0.31c0.42,0.163,0.72,0.358,1.035,0.673 c0.315,0.315,0.51,0.615,0.673,1.035c0.123,0.317,0.27,0.794,0.31,1.671c0.043,0.949,0.052,1.234,0.052,3.637 s-0.009,2.688-0.052,3.637c-0.04,0.877-0.187,1.354-0.31,1.671c-0.163,0.42-0.358,0.72-0.673,1.035 c-0.315,0.315-0.615,0.51-1.035,0.673c-0.317,0.123-0.794,0.27-1.671,0.31c-0.949,0.043-1.233,0.052-3.637,0.052 s-2.688-0.009-3.637-0.052c-0.877-0.04-1.354-0.187-1.671-0.31c-0.42-0.163-0.72-0.358-1.035-0.673 c-0.315-0.315-0.51-0.615-0.673-1.035c-0.123-0.317-0.27-0.794-0.31-1.671C4.631,14.688,4.622,14.403,4.622,12 s0.009-2.688,0.052-3.637c0.04-0.877,0.187-1.354,0.31-1.671c0.163-0.42,0.358-0.72,0.673-1.035 c0.315-0.315,0.615-0.51,1.035-0.673c0.317-0.123,0.794-0.27,1.671-0.31C9.312,4.631,9.597,4.622,12,4.622 M12,3 C9.556,3,9.249,3.01,8.289,3.054C7.331,3.098,6.677,3.25,6.105,3.472C5.513,3.702,5.011,4.01,4.511,4.511 c-0.5,0.5-0.808,1.002-1.038,1.594C3.25,6.677,3.098,7.331,3.054,8.289C3.01,9.249,3,9.556,3,12c0,2.444,0.01,2.751,0.054,3.711 c0.044,0.958,0.196,1.612,0.418,2.185c0.23,0.592,0.538,1.094,1.038,1.594c0.5,0.5,1.002,0.808,1.594,1.038 c0.572,0.222,1.227,0.375,2.185,0.418C9.249,20.99,9.556,21,12,21s2.751-0.01,3.711-0.054c0.958-0.044,1.612-0.196,2.185-0.418 c0.592-0.23,1.094-0.538,1.594-1.038c0.5-0.5,0.808-1.002,1.038-1.594c0.222-0.572,0.375-1.227,0.418-2.185 C20.99,14.751,21,14.444,21,12s-0.01-2.751-0.054-3.711c-0.044-0.958-0.196-1.612-0.418-2.185c-0.23-0.592-0.538-1.094-1.038-1.594 c-0.5-0.5-1.002-0.808-1.594-1.038c-0.572-0.222-1.227-0.375-2.185-0.418C14.751,3.01,14.444,3,12,3L12,3z M12,7.378 c-2.552,0-4.622,2.069-4.622,4.622S9.448,16.622,12,16.622s4.622-2.069,4.622-4.622S14.552,7.378,12,7.378z M12,15 c-1.657,0-3-1.343-3-3s1.343-3,3-3s3,1.343,3,3S13.657,15,12,15z M16.804,6.116c-0.596,0-1.08,0.484-1.08,1.08 s0.484,1.08,1.08,1.08c0.596,0,1.08-0.484,1.08-1.08S17.401,6.116,16.804,6.116z\"><\/path><\/svg><span class=\"wp-block-social-link-label screen-reader-text\">Instagram<\/span><\/a><\/li>\n\n<li style=\"color:currentColor;\" class=\"wp-social-link wp-social-link-linkedin has-currentColor-color wp-block-social-link\"><a href=\"https:\/\/www.linkedin.com\/in\/steve-prud%E2%80%99homme-81b748206\/\" class=\"wp-block-social-link-anchor\"><svg width=\"24\" height=\"24\" viewBox=\"0 0 24 24\" version=\"1.1\" xmlns=\"http:\/\/www.w3.org\/2000\/svg\" aria-hidden=\"true\" focusable=\"false\"><path d=\"M19.7,3H4.3C3.582,3,3,3.582,3,4.3v15.4C3,20.418,3.582,21,4.3,21h15.4c0.718,0,1.3-0.582,1.3-1.3V4.3 C21,3.582,20.418,3,19.7,3z M8.339,18.338H5.667v-8.59h2.672V18.338z M7.004,8.574c-0.857,0-1.549-0.694-1.549-1.548 c0-0.855,0.691-1.548,1.549-1.548c0.854,0,1.547,0.694,1.547,1.548C8.551,7.881,7.858,8.574,7.004,8.574z M18.339,18.338h-2.669 v-4.177c0-0.996-0.017-2.278-1.387-2.278c-1.389,0-1.601,1.086-1.601,2.206v4.249h-2.667v-8.59h2.559v1.174h0.037 c0.356-0.675,1.227-1.387,2.526-1.387c2.703,0,3.203,1.779,3.203,4.092V18.338z\"><\/path><\/svg><span class=\"wp-block-social-link-label screen-reader-text\">LinkedIn<\/span><\/a><\/li><\/ul>\n<\/div>\n<\/div>\n<\/div>\n<\/div>\n\n\n\n<p><\/p>\n","protected":false},"excerpt":{"rendered":"<p>\ud83c\udf1f Je suis Steve Prud\u2019Homme ! Un passionn\u00e9 de l\u2019\u00e9ducation, de l\u2019aviation et de l\u2019engagement communautaire. Avec une carri\u00e8re riche en tant que vice-pr\u00e9sident syndical \u00e9lu, concepteur p\u00e9dagogique chez Hydro-Qu\u00e9bec, et instructeur en pilotage, j\u2019ai d\u00e9di\u00e9 ma vie \u00e0 la d\u00e9fense des droits des travailleurs, \u00e0 l\u2019am\u00e9lioration des pratiques \u00e9ducatives et \u00e0 l\u2019inspiration des jeunes. [&hellip;]<\/p>\n","protected":false},"author":1,"featured_media":0,"parent":0,"menu_order":0,"comment_status":"closed","ping_status":"closed","template":"","meta":{"ngg_post_thumbnail":0,"footnotes":""},"class_list":["post-96","page","type-page","status-publish","hentry"],"_links":{"self":[{"href":"https:\/\/steveprudhomme.org\/index.php\/wp-json\/wp\/v2\/pages\/96","targetHints":{"allow":["GET"]}}],"collection":[{"href":"https:\/\/steveprudhomme.org\/index.php\/wp-json\/wp\/v2\/pages"}],"about":[{"href":"https:\/\/steveprudhomme.org\/index.php\/wp-json\/wp\/v2\/types\/page"}],"author":[{"embeddable":true,"href":"https:\/\/steveprudhomme.org\/index.php\/wp-json\/wp\/v2\/users\/1"}],"replies":[{"embeddable":true,"href":"https:\/\/steveprudhomme.org\/index.php\/wp-json\/wp\/v2\/comments?post=96"}],"version-history":[{"count":3,"href":"https:\/\/steveprudhomme.org\/index.php\/wp-json\/wp\/v2\/pages\/96\/revisions"}],"predecessor-version":[{"id":100,"href":"https:\/\/steveprudhomme.org\/index.php\/wp-json\/wp\/v2\/pages\/96\/revisions\/100"}],"wp:attachment":[{"href":"https:\/\/steveprudhomme.org\/index.php\/wp-json\/wp\/v2\/media?parent=96"}],"curies":[{"name":"wp","href":"https:\/\/api.w.org\/{rel}","templated":true}]}}